{"id":98,"date":"2020-12-15T13:13:57","date_gmt":"2020-12-15T12:13:57","guid":{"rendered":"https:\/\/map.digitale-trends.com\/?page_id=98"},"modified":"2022-06-09T11:40:58","modified_gmt":"2022-06-09T09:40:58","slug":"home","status":"publish","type":"page","link":"https:\/\/map-rechtsanwaelte.de\/fr\/","title":{"rendered":"Page d&#8217;accueil"},"content":{"rendered":"<p>[vc_row css=&#8221;.vc_custom_1625818315666{padding-top: 10rem !important;padding-bottom: 10rem !important;background-image: url(http:\/\/map-rechtsanwaelte.de\/wp-content\/uploads\/2021\/02\/header_1_1315900133-e1625818291101.jpg?id=439) !important;background-position: center !important;background-repeat: no-repeat !important;background-size: cover !important;}&#8221; el_class=&#8221;header-image-holder&#8221;][vc_column css=&#8221;.vc_custom_1612865021047{padding-right: 4.75rem !important;padding-left: 4.75rem !important;}&#8221;][vc_row_inner][vc_column_inner width=&#8221;5\/6&#8243; css=&#8221;.vc_custom_1615380431967{background-color: rgba(35,47,71,0.6) !important;*background-color: rgb(35,47,71) !important;}&#8221; offset=&#8221;vc_col-sm-offset-1&#8243;][vc_column_text css=&#8221;.vc_custom_1654261611582{padding-top: 10px !important;}&#8221;]<\/p>\n<h1 style=\"text-align: center;\">Un partenaire fiable et comp\u00e9tent, \u00e0 vos c\u00f4t\u00e9s depuis des ann\u00e9es<\/h1>\n<p>[\/vc_column_text][\/vc_column_inner][\/vc_row_inner][\/vc_column][\/vc_row][vc_row][vc_column][vc_empty_space height=&#8221;4rem&#8221;][\/vc_column][\/vc_row][vc_row el_class=&#8221;content-box&#8221;][vc_column][vc_column_text]<\/p>\n<h2 style=\"text-align: left;\">Votre cabinet d&#8217;avocats en droit des affaires international<\/h2>\n<p style=\"font-size: 1.2rem; line-height: 2rem;\">Voici le credo de notre cabinet : Nous avons les qualifications et les capacit\u00e9s pour vous conseiller de mani\u00e8re comp\u00e9tente sur toutes les questions juridiques importantes en rapport avec votre entreprise.<\/p>\n<p style=\"font-size: 1.2rem; line-height: 2rem;\">A cet \u00e9gard, nous vous proposons des offres sur mesure correspondant aux enjeux de votre activit\u00e9. Nous offrons conseil en droit allemand ainsi qu\u2019en droit international des affaires de mani\u00e8re rapide, s\u00e9rieuse et flexible, tout comme vous l\u2019attendez d\u2019un partenaire professionnel.<\/p>\n<p>[\/vc_column_text][\/vc_column][\/vc_row][vc_row][vc_column][vc_empty_space height=&#8221;4rem&#8221;][vc_empty_space height=&#8221;4rem&#8221;][\/vc_column][\/vc_row][vc_row][vc_column][vc_column_text]<\/p>\n<h2 style=\"text-align: center;\"><a href=\"https:\/\/map-rechtsanwaelte.de\/fr\/domaines-de-competence\/\">Nos domaines de comp\u00e9tence<\/a><\/h2>\n<p>[\/vc_column_text][vc_empty_space height=&#8221;6.25rem&#8221;][\/vc_column][\/vc_row][vc_row][vc_column width=&#8221;1\/2&#8243;][vc_empty_space][vc_row_inner el_class=&#8221;content-box-small link-box&#8221; css=&#8221;.vc_custom_1612969621882{margin-right: 1rem !important;margin-left: 1rem !important;}&#8221;][vc_column_inner][vc_single_image image=&#8221;949&#8243; alignment=&#8221;center&#8221; onclick=&#8221;custom_link&#8221; el_class=&#8221;icon-float-top&#8221; link=&#8221;https:\/\/map-rechtsanwaelte.de\/fr\/domaines-de-competence\/#departement-juridique-externe&#8221;][vc_column_text css=&#8221;.vc_custom_1654262784656{margin-top: 0.5rem !important;margin-bottom: 0.5rem !important;}&#8221;]<\/p>\n<h3 style=\"text-align: center;\"><a href=\"https:\/\/map-rechtsanwaelte.de\/fr\/domaines-de-competence\/#departement-juridique-externe\">D\u00e9partement juridique externe<\/a><\/h3>\n<p>[\/vc_column_text][\/vc_column_inner][\/vc_row_inner][vc_empty_space][\/vc_column][vc_column width=&#8221;1\/2&#8243;][vc_empty_space][vc_row_inner el_class=&#8221;content-box-small link-box&#8221; css=&#8221;.vc_custom_1612969626231{margin-right: 1rem !important;margin-left: 1rem !important;}&#8221;][vc_column_inner][vc_single_image image=&#8221;1005&#8243; alignment=&#8221;center&#8221; onclick=&#8221;custom_link&#8221; el_class=&#8221;icon-float-top&#8221; link=&#8221;https:\/\/map-rechtsanwaelte.de\/fr\/domaines-de-competence\/#droit-international-des-affaires&#8221;][vc_column_text css=&#8221;.vc_custom_1654263030564{margin-top: 0.5rem !important;margin-bottom: 0.5rem !important;}&#8221;]<\/p>\n<h3 style=\"text-align: center;\"><a href=\"https:\/\/map-rechtsanwaelte.de\/fr\/domaines-de-competence\/#droit-international-des-affaires\">Droit international des affaires<\/a><\/h3>\n<p>[\/vc_column_text][\/vc_column_inner][\/vc_row_inner][vc_empty_space][\/vc_column][\/vc_row][vc_row equal_height=&#8221;yes&#8221;][vc_column width=&#8221;1\/2&#8243;][vc_empty_space][vc_row_inner el_class=&#8221;content-box-small link-box&#8221; css=&#8221;.vc_custom_1612969634357{margin-right: 1rem !important;margin-left: 1rem !important;}&#8221;][vc_column_inner][vc_single_image image=&#8221;943&#8243; alignment=&#8221;center&#8221; onclick=&#8221;custom_link&#8221; el_class=&#8221;icon-float-top&#8221; link=&#8221;https:\/\/map-rechtsanwaelte.de\/fr\/domaines-de-competence\/#start-up-et-creation-dentreprise&#8221;][vc_column_text css=&#8221;.vc_custom_1654263583548{margin-top: 0.5rem !important;margin-bottom: 0.5rem !important;}&#8221;]<\/p>\n<h3 style=\"text-align: center; hyphens: auto;\"><a href=\"https:\/\/map-rechtsanwaelte.de\/fr\/domaines-de-competence\/#start-up-et-creation-dentreprise\">Start-up et cr\u00e9ation d&#8217;entreprise<\/a><\/h3>\n<p>[\/vc_column_text][\/vc_column_inner][\/vc_row_inner][vc_empty_space][\/vc_column][vc_column width=&#8221;1\/2&#8243;][vc_empty_space][vc_row_inner el_class=&#8221;content-box-small link-box&#8221; css=&#8221;.vc_custom_1612969641248{margin-right: 1rem !important;margin-left: 1rem !important;}&#8221;][vc_column_inner][vc_single_image image=&#8221;947&#8243; alignment=&#8221;center&#8221; onclick=&#8221;custom_link&#8221; el_class=&#8221;icon-float-top&#8221; link=&#8221;https:\/\/map-rechtsanwaelte.de\/fr\/domaines-de-competence\/#conformite-et-protection-des-donnees&#8221;][vc_column_text css=&#8221;.vc_custom_1654264465493{margin-top: 0.5rem !important;margin-bottom: 0.5rem !important;}&#8221;]<\/p>\n<h3 style=\"text-align: center;\"><a href=\"https:\/\/map-rechtsanwaelte.de\/fr\/domaines-de-competence\/#conformite-et-protection-des-donnees\">Conformit\u00e9 et protection des donn\u00e9es<\/a><\/h3>\n<p>[\/vc_column_text][\/vc_column_inner][\/vc_row_inner][vc_empty_space][\/vc_column][\/vc_row][vc_row equal_height=&#8221;yes&#8221;][vc_column width=&#8221;1\/2&#8243;][vc_empty_space][vc_row_inner el_class=&#8221;content-box-small link-box&#8221; css=&#8221;.vc_custom_1612969650915{margin-right: 1rem !important;margin-left: 1rem !important;}&#8221;][vc_column_inner][vc_single_image image=&#8221;951&#8243; alignment=&#8221;center&#8221; onclick=&#8221;custom_link&#8221; el_class=&#8221;icon-float-top&#8221; link=&#8221;https:\/\/map-rechtsanwaelte.de\/fr\/domaines-de-competence\/#droit-de-la-propriete-et-defense-de-la-propriete-intellectuelle&#8221;][vc_column_text css=&#8221;.vc_custom_1654265459178{margin-top: 0.5rem !important;margin-bottom: 0.5rem !important;}&#8221;]<\/p>\n<h3 style=\"text-align: center;\"><a href=\"https:\/\/map-rechtsanwaelte.de\/fr\/domaines-de-competence\/#droit-de-la-propriete-et-defense-de-la-propriete-intellectuelle\">Droit de la propri\u00e9t\u00e9 et d\u00e9fense de la propri\u00e9t\u00e9 intellectuelle<\/a><\/h3>\n<p>[\/vc_column_text][\/vc_column_inner][\/vc_row_inner][vc_empty_space][\/vc_column][vc_column width=&#8221;1\/2&#8243;][vc_empty_space][vc_row_inner el_class=&#8221;content-box-small link-box&#8221; css=&#8221;.vc_custom_1612969650915{margin-right: 1rem !important;margin-left: 1rem !important;}&#8221;][vc_column_inner][vc_single_image image=&#8221;945&#8243; alignment=&#8221;center&#8221; onclick=&#8221;custom_link&#8221; el_class=&#8221;icon-float-top&#8221; link=&#8221;https:\/\/map-rechtsanwaelte.de\/fr\/domaines-de-competence\/#droit-commercial-et-droit-des-societes&#8221;][vc_column_text css=&#8221;.vc_custom_1654265978563{margin-top: 0.5rem !important;margin-bottom: 0.5rem !important;}&#8221;]<\/p>\n<h3 style=\"text-align: center;\"><a href=\"https:\/\/map-rechtsanwaelte.de\/fr\/domaines-de-competence\/#droit-commercial-et-droit-des-societes\">Droit commercial et droit des soci\u00e9t\u00e9s<\/a><\/h3>\n<p>[\/vc_column_text][\/vc_column_inner][\/vc_row_inner][vc_empty_space][\/vc_column][\/vc_row][vc_row equal_height=&#8221;yes&#8221; el_class=&#8221;content-box-small link-box alt-background&#8221; css=&#8221;.vc_custom_1616408112499{margin-right: 1rem !important;margin-left: 1rem !important;}&#8221;][vc_column css=&#8221;.vc_custom_1616666524017{margin-right: 2rem !important;margin-left: 2rem !important;}&#8221;][vc_empty_space][vc_column_text]<\/p>\n<h3 style=\"text-align: center;\"><a href=\"https:\/\/map-rechtsanwaelte.de\/fr\/domaines-de-competence\/\">En savoir plus<\/a><\/h3>\n<p>[\/vc_column_text][vc_empty_space][\/vc_column][\/vc_row][vc_row][vc_column][vc_empty_space height=&#8221;7.5rem&#8221;][\/vc_column][\/vc_row][vc_row][vc_column width=&#8221;5\/6&#8243; offset=&#8221;vc_col-lg-offset-1 vc_col-sm-offset-1&#8243;][vc_column_text]<\/p>\n<h2 style=\"text-align: center;\"><a href=\"https:\/\/map-rechtsanwaelte.de\/fr\/nos-champs-de-specialisation\/\">Nos champs de sp\u00e9cialisation<\/a><\/h2>\n<p>[\/vc_column_text][vc_empty_space height=&#8221;1.3rem&#8221;][vc_row_inner][vc_column_inner][vc_btn title=&#8221;Droit du travail&#8221; style=&#8221;flat&#8221; size=&#8221;sm&#8221; align=&#8221;center&#8221; el_class=&#8221;schwerpunkte-btn&#8221; link=&#8221;url:https%3A%2F%2Ffloriank28.sg-host.com%2Ffr%2Fles-points-forts%2F%23arbeitsrecht|&#8221;][vc_btn title=&#8221;Droit des aides d&#8217;\u00c9tat et des march\u00e9s publics&#8221; style=&#8221;flat&#8221; size=&#8221;sm&#8221; align=&#8221;center&#8221; el_class=&#8221;schwerpunkte-btn&#8221; link=&#8221;url:https%3A%2F%2Ffloriank28.sg-host.com%2Ffr%2Fles-points-forts%2F%23beihilfen-und-vergaberecht|&#8221;][vc_btn title=&#8221;Transfert de recherche (contrats)&#8221; style=&#8221;flat&#8221; size=&#8221;sm&#8221; align=&#8221;center&#8221; el_class=&#8221;schwerpunkte-btn&#8221; link=&#8221;url:https%3A%2F%2Ffloriank28.sg-host.com%2Ffr%2Fles-points-forts%2F%23forschungstransfer|&#8221;][vc_btn title=&#8221;Pr\u00e9vention du blanchiment d&#8217;argent&#8221; style=&#8221;flat&#8221; size=&#8221;sm&#8221; align=&#8221;center&#8221; el_class=&#8221;schwerpunkte-btn&#8221; link=&#8221;url:https%3A%2F%2Ffloriank28.sg-host.com%2Ffr%2Fles-points-forts%2F%23geldwaeschepraevention|&#8221;][vc_btn title=&#8221;Obligations (statuaires) des organes de  direction&#8221; style=&#8221;flat&#8221; size=&#8221;sm&#8221; align=&#8221;center&#8221; el_class=&#8221;schwerpunkte-btn&#8221; link=&#8221;url:https%3A%2F%2Ffloriank28.sg-host.com%2Ffr%2Fles-points-forts%2F%23gesellschaftsrechtliche-pflichten-der-organe|&#8221;][vc_btn title=&#8221;Participations d&#8217;investisseurs et financements&#8221; style=&#8221;flat&#8221; size=&#8221;sm&#8221; align=&#8221;center&#8221; el_class=&#8221;schwerpunkte-btn&#8221; link=&#8221;url:https%3A%2F%2Ffloriank28.sg-host.com%2Ffr%2Fles-points-forts%2F%23investorenbeteiligungen-und-finanzierungen|&#8221;][vc_btn title=&#8221;Droit des brevets et des marques, protection des signes distinctifs&#8221; style=&#8221;flat&#8221; size=&#8221;sm&#8221; align=&#8221;center&#8221; el_class=&#8221;schwerpunkte-btn&#8221; link=&#8221;url:https%3A%2F%2Ffloriank28.sg-host.com%2Ffr%2Fles-points-forts%2F%23patent-und-markenrecht-kennzeichenschutz|&#8221;][vc_btn title=&#8221;Responsabilit\u00e9 du fait des produits et conformit\u00e9 des produits&#8221; style=&#8221;flat&#8221; size=&#8221;sm&#8221; align=&#8221;center&#8221; el_class=&#8221;schwerpunkte-btn&#8221; link=&#8221;url:https%3A%2F%2Ffloriank28.sg-host.com%2Ffr%2Fles-points-forts%2F%23produkthaftung-und-produktkonformitaet|&#8221;][vc_btn title=&#8221;Succession d&#8217;entreprise&#8221; style=&#8221;flat&#8221; size=&#8221;sm&#8221; align=&#8221;center&#8221; el_class=&#8221;schwerpunkte-btn&#8221; link=&#8221;url:https%3A%2F%2Ffloriank28.sg-host.com%2Ffr%2Fles-points-forts%2F%23unternehmensnachfolge|&#8221;][vc_btn title=&#8221;Droit des contrats et gestion des contrats&#8221; style=&#8221;flat&#8221; size=&#8221;sm&#8221; align=&#8221;center&#8221; el_class=&#8221;schwerpunkte-btn&#8221; link=&#8221;url:https%3A%2F%2Ffloriank28.sg-host.com%2Ffr%2Fles-points-forts%2F%23vertragsrecht-und-vertragsmanagement|&#8221;][vc_btn title=&#8221;Contrats de distribution (nationaux\/internationaux)&#8221; style=&#8221;flat&#8221; size=&#8221;sm&#8221; align=&#8221;center&#8221; el_class=&#8221;schwerpunkte-btn&#8221; link=&#8221;url:https%3A%2F%2Ffloriank28.sg-host.com%2Ffr%2Fles-points-forts%2F%23vertriebsvertraege|&#8221;][\/vc_column_inner][\/vc_row_inner][\/vc_column][\/vc_row][vc_row][vc_column][vc_empty_space height=&#8221;7.5rem&#8221;][\/vc_column][\/vc_row][vc_row][vc_column][\/vc_column][\/vc_row]<\/p>\n","protected":false},"excerpt":{"rendered":"<p>[vc_row css=&#8221;.vc_custom_1625818315666{padding-top: 10rem !important;padding-bottom: 10rem !important;background-image: url(http:\/\/map-rechtsanwaelte.de\/wp-content\/uploads\/2021\/02\/header_1_1315900133-e1625818291101.jpg?id=439) !important;background-position: center !important;background-repeat: no-repeat !important;background-size: cover !important;}&#8221; el_class=&#8221;header-image-holder&#8221;][vc_column css=&#8221;.vc_custom_1612865021047{padding-right: 4.75rem !important;padding-left: 4.75rem !important;}&#8221;][vc_row_inner][vc_column_inner [&hellip;]<\/p>\n","protected":false},"author":6,"featured_media":0,"parent":0,"menu_order":0,"comment_status":"closed","ping_status":"closed","template":"fullwidth-banner.php","meta":{"footnotes":""},"class_list":["post-98","page","type-page","status-publish","hentry"],"_links":{"self":[{"href":"https:\/\/map-rechtsanwaelte.de\/fr\/wp-json\/wp\/v2\/pages\/98","targetHints":{"allow":["GET"]}}],"collection":[{"href":"https:\/\/map-rechtsanwaelte.de\/fr\/wp-json\/wp\/v2\/pages"}],"about":[{"href":"https:\/\/map-rechtsanwaelte.de\/fr\/wp-json\/wp\/v2\/types\/page"}],"author":[{"embeddable":true,"href":"https:\/\/map-rechtsanwaelte.de\/fr\/wp-json\/wp\/v2\/users\/6"}],"replies":[{"embeddable":true,"href":"https:\/\/map-rechtsanwaelte.de\/fr\/wp-json\/wp\/v2\/comments?post=98"}],"version-history":[{"count":63,"href":"https:\/\/map-rechtsanwaelte.de\/fr\/wp-json\/wp\/v2\/pages\/98\/revisions"}],"predecessor-version":[{"id":1389,"href":"https:\/\/map-rechtsanwaelte.de\/fr\/wp-json\/wp\/v2\/pages\/98\/revisions\/1389"}],"wp:attachment":[{"href":"https:\/\/map-rechtsanwaelte.de\/fr\/wp-json\/wp\/v2\/media?parent=98"}],"curies":[{"name":"wp","href":"https:\/\/api.w.org\/{rel}","templated":true}]}}