{"id":1141,"date":"2022-02-01T12:14:41","date_gmt":"2022-02-01T11:14:41","guid":{"rendered":"https:\/\/map-rechtsanwaelte.de\/mentions-legales\/"},"modified":"2022-02-01T12:14:42","modified_gmt":"2022-02-01T11:14:42","slug":"mentions-legales","status":"publish","type":"page","link":"https:\/\/map-rechtsanwaelte.de\/fr\/mentions-legales\/","title":{"rendered":"Mentions l\u00e9gales"},"content":{"rendered":"<p>[vc_row][vc_column][vc_column_text]<\/p>\n<h1>Mentions l\u00e9gales<\/h1>\n<p><u>Op\u00e9rateur du site au sens du \u00a7 5 TMG<\/u><\/p>\n<p>Cabinet d&#8217;avocats M\u00fcller, Altmeyer &amp; Partner, Rechtsanw\u00e4lte, PartGmbB<\/p>\n<p>Beethovenstr. 13 13<\/p>\n<p>66111 Saarbr\u00fccken<\/p>\n<p>Allemagne<\/p>\n<p>T\u00e9l\u00e9phone: +49 681 37932 \u2013 0<\/p>\n<p>T\u00e9l\u00e9fax: +49 681 31098<\/p>\n<p>E-mail: info@map-rechtsanwaelte.de<\/p>\n<p>&nbsp;<\/p>\n<p>Num\u00e9ro d&#8217;identification de la taxe sur le chiffre d&#8217;affaires: DE297874229<\/p>\n<p>Tribunal d&#8217;enregistrement: AG Saarbr\u00fccken<\/p>\n<p>Num\u00e9ro d&#8217;enregistrement du partenariat: PR 143<\/p>\n<p>&nbsp;<\/p>\n<p><u>Responsable de la r\u00e9daction conform\u00e9ment au \u00a7 55 al. 2 RStV:<\/u><\/p>\n<p>Avocat Tilmann Lahann, Beethovenstra\u00dfe 13, 66111 Saarbr\u00fccken<\/p>\n<p>&nbsp;<\/p>\n<p><u>Statut juridique et agr\u00e9ment<\/u><\/p>\n<p>Les avocats et avocates travaillant dans ce cabinet sont autoris\u00e9s \u00e0 exercer selon le droit de la R\u00e9publique f\u00e9d\u00e9rale d&#8217;Allemagne et sont membres du barreau de la Sarre, Am Schlossberg 5, 66119 Saarbr\u00fccken, <a href=\"mailto:zentrale@rechtsanwaltskammer.saarland\">zentrale@rechtsanwaltskammer.saarland<\/a>. La d\u00e9signation professionnelle l\u00e9gale pour les avocats admis en Allemagne est Rechtsanwalt ou Rechtsanw\u00e4ltin.<\/p>\n<p>&nbsp;<\/p>\n<p><u>R\u00e8gles professionnelles<\/u><\/p>\n<p>Les r\u00e8gles suivantes s&#8217;appliquent:<\/p>\n<p>Code f\u00e9d\u00e9ral du barreau &#8211; BRAO<\/p>\n<p>Code de d\u00e9ontologie des avocats &#8211; BORA<\/p>\n<p>Ordonnance sur les avocats sp\u00e9cialis\u00e9s &#8211; FAO<\/p>\n<p>Loi sur la r\u00e9mun\u00e9ration des avocats &#8211; RVG<\/p>\n<p>Charte des principes essentiels de l&#8217;avocats europ\u00e9en et Code de d\u00e9ontologie des avocats europ\u00e9ens &#8211; CCBE<\/p>\n<p>Les r\u00e8gles professionnelles applicables aux avocats se trouvent sur la page d&#8217;accueil de la Bundesrechtsanwaltskammer (BRAK) sous: <a href=\"http:\/\/www.brak.de\">www.brak.de<\/a><\/p>\n<p>&nbsp;<\/p>\n<p><u>Assurance responsabilit\u00e9 civile professionnelle<\/u><\/p>\n<p>Les avocats sont tenus, en vertu de l&#8217;ordre f\u00e9d\u00e9ral des avocats (Bundesrechtsanwaltsordnung), de souscrire une assurance responsabilit\u00e9 civile professionnelle d&#8217;un montant minimum de 250.000 euros. Les d\u00e9tails d\u00e9coulent du \u00a7 51 BRAO. Le partenariat et tous les avocats du cabinet M\u00fcller, Altmeyer &amp; Partner sont assur\u00e9s en responsabilit\u00e9 civile professionnelle aupr\u00e8s de Allianz Deutschland AG, K\u00f6niginstr. 28, 80802 Munich.<\/p>\n<p>Le champ d&#8217;application s&#8217;\u00e9tend \u00e0 l&#8217;ensemble du territoire de l&#8217;UE et des \u00c9tats de l&#8217;accord sur l&#8217;Espace \u00e9conomique europ\u00e9en.<\/p>\n<p>&nbsp;<\/p>\n<p><u>Informations sur le r\u00e8glement en ligne des litiges:<\/u><\/p>\n<p>La Commission europ\u00e9enne met \u00e0 disposition une plateforme de r\u00e8glement en ligne des litiges (RLL). Vous trouverez cette plateforme sur le lien suivant: <a href=\"http:\/\/ec.europa.eu\/consumers\/odr\/\">http:\/\/ec.europa.eu\/consumers\/odr\/<\/a>. Les consommateurs peuvent utiliser cette plateforme pour r\u00e9gler leurs litiges d\u00e9coulant de contrats en ligne, dans la mesure o\u00f9 le fournisseur concern\u00e9 participe \u00e0 la proc\u00e9dure de r\u00e8glement des litiges de l&#8217;organe de r\u00e8glement des litiges en ligne.<\/p>\n<p>&nbsp;<\/p>\n<p>Information selon \u00a7 36 VSBG (Loi sur le r\u00e8glement extrajudiciaire des litiges de consommation):<\/p>\n<p>Nous ne participons pas \u00e0 des proc\u00e9dures alternatives de r\u00e8glement des litiges, y compris \u00e0 la proc\u00e9dure susmentionn\u00e9e par le biais de l&#8217;organisme de conciliation en ligne dont le lien figure ci-dessus. L&#8217;utilisation de l&#8217;organisme de conciliation en ligne ne constitue pas une condition pr\u00e9alable obligatoire \u00e0 la saisine des tribunaux ordinaires comp\u00e9tents.[\/vc_column_text][\/vc_column][\/vc_row]<\/p>\n","protected":false},"excerpt":{"rendered":"<p>[vc_row][vc_column][vc_column_text] Mentions l\u00e9gales Op\u00e9rateur du site au sens du \u00a7 5 TMG Cabinet d&#8217;avocats M\u00fcller, Altmeyer &amp; Partner, Rechtsanw\u00e4lte, PartGmbB [&hellip;]<\/p>\n","protected":false},"author":6,"featured_media":0,"parent":0,"menu_order":0,"comment_status":"closed","ping_status":"closed","template":"legal-page.php","meta":{"footnotes":""},"class_list":["post-1141","page","type-page","status-publish","hentry"],"_links":{"self":[{"href":"https:\/\/map-rechtsanwaelte.de\/fr\/wp-json\/wp\/v2\/pages\/1141","targetHints":{"allow":["GET"]}}],"collection":[{"href":"https:\/\/map-rechtsanwaelte.de\/fr\/wp-json\/wp\/v2\/pages"}],"about":[{"href":"https:\/\/map-rechtsanwaelte.de\/fr\/wp-json\/wp\/v2\/types\/page"}],"author":[{"embeddable":true,"href":"https:\/\/map-rechtsanwaelte.de\/fr\/wp-json\/wp\/v2\/users\/6"}],"replies":[{"embeddable":true,"href":"https:\/\/map-rechtsanwaelte.de\/fr\/wp-json\/wp\/v2\/comments?post=1141"}],"version-history":[{"count":1,"href":"https:\/\/map-rechtsanwaelte.de\/fr\/wp-json\/wp\/v2\/pages\/1141\/revisions"}],"predecessor-version":[{"id":1142,"href":"https:\/\/map-rechtsanwaelte.de\/fr\/wp-json\/wp\/v2\/pages\/1141\/revisions\/1142"}],"wp:attachment":[{"href":"https:\/\/map-rechtsanwaelte.de\/fr\/wp-json\/wp\/v2\/media?parent=1141"}],"curies":[{"name":"wp","href":"https:\/\/api.w.org\/{rel}","templated":true}]}}