{"id":1111,"date":"2022-01-28T14:02:41","date_gmt":"2022-01-28T13:02:41","guid":{"rendered":"https:\/\/map-rechtsanwaelte.de\/les-points-forts\/"},"modified":"2022-06-09T12:15:56","modified_gmt":"2022-06-09T10:15:56","slug":"nos-champs-de-specialisation","status":"publish","type":"page","link":"https:\/\/map-rechtsanwaelte.de\/fr\/nos-champs-de-specialisation\/","title":{"rendered":"Nos champs de sp\u00e9cialisation"},"content":{"rendered":"<p>[vc_row css=&#8221;.vc_custom_1629711310335{padding-top: 10rem !important;padding-bottom: 10rem !important;background-image: url(http:\/\/map-rechtsanwaelte.de\/wp-content\/uploads\/2021\/08\/Fu\u0308r-Schwerpunkte.jpg?id=872) !important;background-position: center !important;background-repeat: no-repeat !important;background-size: cover !important;}&#8221; el_class=&#8221;header-image-holder&#8221;][vc_column css=&#8221;.vc_custom_1616748796905{padding-right: 4.75rem !important;padding-left: 4.75rem !important;}&#8221;][vc_row_inner][vc_column_inner width=&#8221;5\/6&#8243; offset=&#8221;vc_col-sm-offset-1&#8243; css=&#8221;.vc_custom_1616748802157{background-color: rgba(35,47,71,0.6) !important;*background-color: rgb(35,47,71) !important;}&#8221;][vc_column_text el_class=&#8221;header-image-holder&#8221; css=&#8221;.vc_custom_1654266498675{margin-top: 10px !important;}&#8221;]<\/p>\n<h1>Vous avez des questions sp\u00e9cifiques ? Nous avons les r\u00e9ponses !<\/h1>\n<p>[\/vc_column_text][\/vc_column_inner][\/vc_row_inner][\/vc_column][\/vc_row][vc_row][vc_column][vc_empty_space height=&#8221;4.87rem&#8221;][\/vc_column][\/vc_row][vc_row][vc_column][vc_column_text]<\/p>\n<h1 style=\"text-align: center;\">Nos champs de sp\u00e9cialisation<\/h1>\n<p>[\/vc_column_text][\/vc_column][\/vc_row][vc_row gap=&#8221;5&#8243; content_placement=&#8221;middle&#8221;][vc_column el_class=&#8221;map_services_accordion&#8221;][vc_empty_space height=&#8221;3.125rem&#8221;][vc_tta_accordion c_icon=&#8221;&#8221; active_section=&#8221;&#8221; no_fill=&#8221;true&#8221; collapsible_all=&#8221;true&#8221;][vc_tta_section title=&#8221;Droit du travail&#8221; tab_id=&#8221;arbeitsrecht&#8221;][vc_column_text]Nous conseillons aussi bien les employeurs que les employ\u00e9s de mani\u00e8re compl\u00e8te sur toutes les questions de droit du travail du quotidien, mais aussi sur des questions sp\u00e9ciales complexes. Avec notre \u00e9quipe, nous vous proposons un service sur mesure et adapt\u00e9 \u00e0 vos besoins sp\u00e9cifiques, que ce soit en tant que service de droit du travail externalis\u00e9 ou sous la forme d&#8217;un soutien ponctuel pour des questions particuli\u00e8res.<\/p>\n<p>Nous r\u00e9digeons pour vous des mod\u00e8les de contrats de droit du travail tout comme des contrats de travail individuels. Nous vous aidons \u00e0 optimiser juridiquement vos contrats de travail et, si vous le souhaitez, nous assurons la gestion des contrats, par exemple en v\u00e9rifiant r\u00e9guli\u00e8rement la conformit\u00e9 de vos contrats de travail avec la jurisprudence.<\/p>\n<p>Nous vous accompagnons lors de n\u00e9gociations avec les syndicats et les comit\u00e9s d&#8217;entreprise (par exemple sur les conventions collectives, les conciliations d&#8217;int\u00e9r\u00eats ou les plans sociaux, les accords d&#8217;entreprise); nous vous aidons \u00e9galement \u00e0 avoir des relations juridiquement correctes avec les repr\u00e9sentants des salari\u00e9s de l&#8217;entreprise.<\/p>\n<p>Nous repr\u00e9sentons vos int\u00e9r\u00eats dans les proc\u00e9dures prud&#8217;homales, en particulier dans les actions en protection contre le licenciement, les actions en cessation de contrat ou les actions en paiement de salaires impay\u00e9s, et d\u00e9fendons vos int\u00e9r\u00eats dans les proc\u00e9dures de d\u00e9cision devant les tribunaux de travail ou dans les instances de conciliation ainsi qu&#8217;aupr\u00e8s service d&#8217;int\u00e9gration.<\/p>\n<p>Nous v\u00e9rifions pour vous le statut du directeur g\u00e9n\u00e9ral ou d&#8217;un associ\u00e9 collaborateur dans l&#8217;entreprise au regard du droit de la s\u00e9curit\u00e9 sociale et vous accompagnons dans la mise en \u0153uvre d&#8217;une proc\u00e9dure obligatoire ou pr\u00e9ventive de d\u00e9termination du statut devant l&#8217;assurance retraite allemande. Ensemble, nous obtenons une d\u00e9cision juridiquement s\u00fbre et contraignante de la chambre de compensation.<\/p>\n<p>Pour les questions relatives \u00e0 la conception de syst\u00e8mes de r\u00e9mun\u00e9ration et de mod\u00e8les de participation des salari\u00e9s, par exemple les tanti\u00e8mes, les conventions d&#8217;objectifs, les actions fant\u00f4mes, les stock-options, nous recherchons \u00e9galement avec vous le mod\u00e8le appropri\u00e9 et accompagnons la mise en \u0153uvre et l&#8217;impl\u00e9mentation dans votre entreprise.[\/vc_column_text][\/vc_tta_section][vc_tta_section title=&#8221;Droit des aides d&#8217;\u00c9tat et des march\u00e9s publics&#8221; tab_id=&#8221;beihilfen-und-vergaberecht&#8221;][vc_column_text]Tous les avantages directs ou indirects de quelque nature que ce soit, accord\u00e9s par l&#8217;\u00c9tat ou au moyen de ressources d&#8217;\u00c9tat, qui favorisent certaines entreprises ou certains secteurs et qui faussent ou menacent de fausser la concurrence et peuvent donc affecter les \u00e9changes au sein de l&#8217;UE, sont r\u00e9glement\u00e9s dans l&#8217;Union europ\u00e9enne par le droit des aides d&#8217;\u00c9tat. Il est notamment possible de citer les domaines de l&#8217;aide r\u00e9gionale, de l&#8217;aide \u00e0 la formation, de la restructuration, du financement des services d&#8217;int\u00e9r\u00eat g\u00e9n\u00e9ral, des mesures de protection de l&#8217;environnement et des aides destin\u00e9es \u00e0 surmonter les crises financi\u00e8res. Gr\u00e2ce \u00e0 notre expertise de longue date, nous v\u00e9rifions pour vous dans quelles conditions les aides publiques ne tombent pas sous le coup de l&#8217;interdiction des subventions et comment les subventions publiques et autres aides peuvent \u00eatre demand\u00e9es.<\/p>\n<p>Depuis de nombreuses ann\u00e9es, nous accompagnons les entreprises priv\u00e9es, tant du point de vue des offrants que des demandeurs, dans le cadre d&#8217;appels d&#8217;offres et de proc\u00e9dures de passation de march\u00e9s nationaux et internationaux. Nous apportons un soutien complet aux demandeurs lors de la pr\u00e9paration et de la mise en \u0153uvre de la proc\u00e9dure d&#8217;adjudication (structuration du processus, pr\u00e9paration des documents, n\u00e9gociation) ainsi que &#8211; apr\u00e8s l&#8217;attribution et l&#8217;adjudication &#8211; lors de la gestion du contrat qui s&#8217;ensuit. Nous pouvons accompagner les offrants dans leurs offres et leurs demandes de participation et v\u00e9rifier les proc\u00e9dures cl\u00f4tur\u00e9es afin de d\u00e9tecter toute infraction au droit des march\u00e9s publics.<\/p>\n<p>Gr\u00e2ce \u00e0 notre comp\u00e9tence en droit des soci\u00e9t\u00e9s, nous pouvons \u00e9galement garantir un conseil complet dans les domaines annexes du droit des march\u00e9s publics.[\/vc_column_text][\/vc_tta_section][vc_tta_section title=&#8221;Transfert de recherche (contrats)&#8221; tab_id=&#8221;forschungstransfer&#8221;][vc_column_text]Le transfert de connaissances et d&#8217;informations par la coop\u00e9ration des universit\u00e9s avec l&#8217;\u00e9conomie est essentiel pour le transfert de la recherche dans les processus de production des entreprises. La coop\u00e9ration se base sur des contrats de coop\u00e9ration dans lesquels sont r\u00e9gl\u00e9s les contributions des partenaires, leur traitement des secrets commerciaux, de la propri\u00e9t\u00e9 intellectuelle apport\u00e9e (background) et des r\u00e9sultats de la recherche (foreground).<\/p>\n<p>Nous accompagnons aussi bien les universit\u00e9s que l&#8217;industrie dans le transfert de recherche national et international. Cela comprend aussi bien la n\u00e9gociation d&#8217;accords de coop\u00e9ration et de confidentialit\u00e9 que le transfert international de propri\u00e9t\u00e9 intellectuelle et de prototypes dans le respect de la l\u00e9gislation sur le contr\u00f4le des exportations. En outre, nous r\u00e9digeons pour vous, en cas de besoin, des accords interinstitutionnels.[\/vc_column_text][\/vc_tta_section][vc_tta_section title=&#8221;Pr\u00e9vention du blanchiment d&#8217;argent&#8221; tab_id=&#8221;geldwaeschepraevention&#8221;][vc_column_text]Ces derni\u00e8res ann\u00e9es, la pr\u00e9vention du blanchiment d&#8217;argent a pris de plus en plus d&#8217;importance dans la vie \u00e9conomique nationale et internationale. Le sujet est plus pr\u00e9sent que jamais, comme le montre le nombre croissant de d\u00e9clarations de soup\u00e7ons, qui sont largement relay\u00e9es par la presse sp\u00e9cialis\u00e9e, mais pas seulement. La pr\u00e9vention du blanchiment d&#8217;argent n&#8217;est pas seulement pertinente pour les grandes entreprises et les prestataires de services financiers. Les r\u00e8gles nationales allemandes et internationales en mati\u00e8re de blanchiment d&#8217;argent ont \u00e9galement pris une importance consid\u00e9rable dans le cadre des \u00e9changes internationaux de marchandises, des contrats de conseil et des transactions immobili\u00e8res, tout comme dans le cadre des ventes aux ench\u00e8res.<\/p>\n<p>Dans le cadre de notre conseil en mati\u00e8re de pr\u00e9vention du blanchiment d&#8217;argent, nous vous accompagnons dans l&#8217;examen de l&#8217;obligation de votre entreprise de pr\u00e9venir activement le blanchiment d&#8217;argent et de la mani\u00e8re dont un syst\u00e8me de protection appropri\u00e9 contre le blanchiment d&#8217;argent peut \u00eatre d\u00e9velopp\u00e9 et mis en place dans l&#8217;entreprise. De m\u00eame, nous conseillons sur les obligations de diligence li\u00e9es aux clients et aux transactions et donc \u00e9galement sur l&#8217;identification des partenaires commerciaux.[\/vc_column_text][\/vc_tta_section][vc_tta_section title=&#8221;Obligations des organes en mati\u00e8re de droit des soci\u00e9t\u00e9s&#8221; tab_id=&#8221;gesellschaftsrechtliche-pflichten-der-organe&#8221;][vc_column_text]Les soci\u00e9t\u00e9s de capitaux agissent par le biais de leurs organes, \u00e0 savoir le &#8220;directeur g\u00e9n\u00e9ral&#8221; ou le &#8220;comit\u00e9 directeur&#8221;, les associ\u00e9s et les organes de contr\u00f4le, \u00e0 savoir le &#8220;conseil de surveillance&#8221; et le &#8220;conseil consultatif&#8221;. La loi pr\u00e9voit des obligations concr\u00e8tes pour les organes et des sanctions en cas de non-respect des dispositions l\u00e9gales. Une jurisprudence compl\u00e8te et tr\u00e8s d\u00e9taill\u00e9e s&#8217;est d\u00e9velopp\u00e9e \u00e0 ce sujet au cours des derni\u00e8res ann\u00e9es, ceci dans le but de garantir la capacit\u00e9 d&#8217;action de la soci\u00e9t\u00e9 et de ses organes afin d&#8217;\u00e9viter tout dommage \u00e9conomique \u00e0 l&#8217;entreprise.<\/p>\n<p>Nous conseillons sur toutes les r\u00e8gles d&#8217;organisation et de contenu des organes des soci\u00e9t\u00e9s de capitaux, en tenant \u00e9galement compte des d\u00e9fis pos\u00e9s par la pand\u00e9mie de Covid-19. Nous adaptons par exemple les statuts de votre entreprise afin de permettre aux organes de prendre des d\u00e9cisions par conf\u00e9rence t\u00e9l\u00e9phonique ou visioconf\u00e9rence. De m\u00eame, nous conseillons sur la question de savoir si, en situation de crise, les obligations existantes des organes sont pleinement remplies et si des mesures pr\u00e9ventives sont prises afin de contrer une \u00e9volution n\u00e9gative.<\/p>\n<p>Nous aidons \u00e0 faire valoir les droits de recours en cas de manquement grave aux obligations des organes ayant entra\u00een\u00e9 un pr\u00e9judice financier pour l&#8217;entreprise. En cas de manquement aux obligations relevant du droit p\u00e9nal, nous travaillons en \u00e9quipe avec des coll\u00e8gues disposant d&#8217;une grande expertise en mati\u00e8re de droit p\u00e9nal et de droit des assurances, afin de r\u00e9aliser, dans la mesure du possible, les pr\u00e9tentions \u00e0 l&#8217;encontre de l&#8217;assurance des administrateurs et dirigeants.[\/vc_column_text][\/vc_tta_section][vc_tta_section title=&#8221;Participations d&#8217;investisseurs et financements&#8221; tab_id=&#8221;investorenbeteiligungen-und-finanzierungen&#8221;][vc_column_text]Les participations strat\u00e9giques dans de jeunes start-ups ax\u00e9es sur la technologie et la croissance posent sans cesse de nouveaux d\u00e9fis aux investisseurs. Nous conseillons et soutenons les investisseurs en capital, les investisseurs providentiels et les bureaux de gestion du patrimoine dans la n\u00e9gociation, la conception et la r\u00e9alisation d&#8217;investissements dans des start-up. Nous sommes \u00e0 vos c\u00f4t\u00e9s depuis la phase de pr\u00e9-amor\u00e7age ou d&#8217;amor\u00e7age jusqu&#8217;\u00e0 la sortie en passant par le tour de financement de la s\u00e9rie A.<\/p>\n<p>Nous d\u00e9veloppons avec vous une strat\u00e9gie d&#8217;investissement, nous n\u00e9gocions les listes de conditions ainsi que les accords d&#8217;investissement et de participation. De m\u00eame, nous pouvons effectuer pour vous le contr\u00f4le de la due diligence, mettre en place des programmes d&#8217;actionnariat salari\u00e9 et organiser le share ou l&#8217;asset deal ou une transaction de fusion et d&#8217;acquisition, en gardant toujours un \u0153il sur les questions de droit des aides d&#8217;\u00c9tat.<\/p>\n<p>Le conseil aux fondateurs exige des r\u00e9ponses \u00e0 d&#8217;autres questions : quel est le bon moment pour se lancer dans la cr\u00e9ation d&#8217;une entreprise? Quelle forme juridique convient \u00e0 mon \u00e9quipe de fondateurs? Quels investisseurs pour notre entreprise? Avons-nous seulement besoin de capital ou aussi de savoir-faire? Quelles sont les formes de participation pour les investisseurs? Avons-nous besoin d&#8217;un vesting des fondateurs? Quels sont les avantages d&#8217;une participation des salari\u00e9s et comment peut-on l&#8217;organiser? Nous r\u00e9pondons \u00e0 ces questions et \u00e0 bien d&#8217;autres encore avec vous et votre \u00e9quipe de fondateurs dans le cadre d&#8217;ateliers individuels et nous nous chargeons ensuite de la r\u00e9daction des contrats et des n\u00e9gociations. Si vous le souhaitez, nous continuerons \u00e0 vous accompagner apr\u00e8s la cr\u00e9ation de votre entreprise et vous proposerons alors les services complets du service juridique externe.[\/vc_column_text][\/vc_tta_section][vc_tta_section title=&#8221;Droit des brevets et des marques, protection des signes distinctifs&#8221; tab_id=&#8221;patent-und-markenrecht-kennzeichenschutz&#8221;][vc_column_text]Pour prot\u00e9ger les produits qui arrivent sur le march\u00e9, il est conseill\u00e9 de les prot\u00e9ger par le d\u00e9p\u00f4t d&#8217;un brevet, d&#8217;une marque ou d&#8217;un autre droit de propri\u00e9t\u00e9. En tant que droit de protection technique, le brevet rev\u00eat une importance consid\u00e9rable pour les inventions techniques. Nous vous conseillons sur les questions de strat\u00e9gie en mati\u00e8re de brevets ou de mod\u00e8les d&#8217;utilit\u00e9 et effectuons des d\u00e9p\u00f4ts nationaux, internationaux et europ\u00e9ens. La d\u00e9fense de vos droits de propri\u00e9t\u00e9 intellectuelle en mati\u00e8re de brevets et de mod\u00e8les d&#8217;utilit\u00e9 fait \u00e9galement partie de nos t\u00e2ches principales.<\/p>\n<p>Les marques servent \u00e0 identifier les produits et\/ou les services des entreprises. Peuvent \u00eatre prot\u00e9g\u00e9s les signes (mots, lettres, chiffres, illustrations, mais aussi couleurs, hologrammes, signes multim\u00e9dias et sons) qui permettent de distinguer les produits et\/ou services d&#8217;une entreprise de ceux d&#8217;autres entreprises. Nous vous assistons \u00e9galement tout au long du processus, de la cr\u00e9ation ou du d\u00e9p\u00f4t de la marque \u00e0 la d\u00e9fense et \u00e0 l&#8217;application de vos droits de marque. Nous effectuons notamment des proc\u00e9dures de d\u00e9p\u00f4t au niveau national, europ\u00e9en et international ainsi que des recherches de marques et vous conseillons dans vos strat\u00e9gies de marque.[\/vc_column_text][\/vc_tta_section][vc_tta_section title=&#8221;Responsabilit\u00e9 du fait des produits et conformit\u00e9 des produits&#8221; tab_id=&#8221;produkthaftung-und-produktkonformitaet&#8221;][vc_column_text]La notion de la responsabilit\u00e9 du fait des produits d\u00e9signe aussi bien la responsabilit\u00e9 contractuelle (garantie) que la responsabilit\u00e9 d\u00e9lictuelle, qui doit \u00eatre prise en consid\u00e9ration chaque fois qu&#8217;un produit d\u00e9fectueux provoque un dommage corporel ou mat\u00e9riel. La mise sur le march\u00e9 d&#8217;un produit \u00e9tant d\u00e9j\u00e0 r\u00e9glement\u00e9e dans l&#8217;UE, la distribution de produits non conformes et donc le risque d&#8217;un dommage entra\u00eenant une responsabilit\u00e9 sont ainsi limit\u00e9s.<\/p>\n<p>Depuis plus de 20 ans, nous conseillons les entreprises de production et les fabricants de compl\u00e9ments alimentaires sur les th\u00e8mes de la responsabilit\u00e9 du fait des produits, de la pr\u00e9vention de la responsabilit\u00e9 et de la conformit\u00e9 des produits.<\/p>\n<p>Nous \u00e9tablissons les bases fondamentales pour r\u00e9duire au mieux les risques de responsabilit\u00e9, tant par la r\u00e9daction de contrats individuels que par la formation des collaborateurs de nos clients dans les domaines de la responsabilit\u00e9 du fait des produits et de la s\u00e9curit\u00e9 des produits. Si un cas de responsabilit\u00e9 et\/ou un rappel de produit survient, nous apportons notre soutien dans la d\u00e9fense extrajudiciaire et judiciaire des droits en mati\u00e8re de responsabilit\u00e9 du fait des produits &#8211; tout comme dans le cas inverse pour faire valoir ces droits.<\/p>\n<p>Les points forts de notre activit\u00e9 sont la r\u00e9daction individuelle de contrats de gestion de la qualit\u00e9, de sous-traitance, de distribution et de commerce, la mise en \u0153uvre de droits de recours tout au long de la cha\u00eene de production et de livraison ainsi que la d\u00e9fense contre les droits de recours tout au long de la cha\u00eene de vente. Par ailleurs, le domaine de la conformit\u00e9 des produits (assurance qualit\u00e9, gestion de crise) et le soutien aux conseils d&#8217;administration et aux directeurs g\u00e9n\u00e9raux en ce qui concerne leur responsabilit\u00e9 p\u00e9nale et civile en mati\u00e8re de produits jouent un r\u00f4le important.[\/vc_column_text][\/vc_tta_section][vc_tta_section title=&#8221;Succession d&#8217;entreprise&#8221; tab_id=&#8221;unternehmensnachfolge&#8221;][vc_column_text]Nous conseillons les entreprises dirig\u00e9es par leur propri\u00e9taire tout au long de leurs cycle de vie de l&#8217;entreprise. Que ce soit lors de la cr\u00e9ation, la phase de croissance, \u00e9ventuellement la phase d\u00b4internalisation mais aussi la restructuration, la r\u00e9organisation ou encore le processus difficile de succession d&#8217;entreprise. La pr\u00e9paration de la succession d&#8217;une entreprise n\u00e9cessite de prendre en compte les domaines du droit successoral, du droit des soci\u00e9t\u00e9s et du droit fiscal. C&#8217;est ici qu&#8217;intervient la conception juridique sur la base du concept de succession \u00e9labor\u00e9 avec le client.<\/p>\n<p>Par ailleurs, nous \u00e9laborons \u00e9galement des solutions pour les droits d&#8217;indemnisation des associ\u00e9s sortants ainsi que, notamment dans les entreprises familiales, des concepts de regroupement des droits de vote. Durant la phase de transition, nous pouvons en outre assumer des fonctions de conseil de surveillance ou de conseil consultatif, ou encore l&#8217;ex\u00e9cution testamentaire.[\/vc_column_text][\/vc_tta_section][vc_tta_section title=&#8221;Droit des contrats et gestion des contrats&#8221; tab_id=&#8221;vertragsrecht-und-vertragsmanagement&#8221;][vc_column_text]Le droit des contrats constitue le cadre juridique de tous les types de contrats, dont les r\u00e8gles et r\u00e9glementations ne sont pas uniform\u00e9ment regroup\u00e9es dans une seule loi. Des th\u00e8mes tels que la libert\u00e9 de contracter, la capacit\u00e9 de contracter, l&#8217;annulation de contrats et \u00e9galement les conditions g\u00e9n\u00e9rales de vente jouent ici un r\u00f4le important.<\/p>\n<p>Nous n\u00e9gocions vos contrats pour vous, tout comme nous nous chargeons de la v\u00e9rification juridique des contrats d\u00e9j\u00e0 n\u00e9goci\u00e9s et de l&#8217;application des obligations convenues dans le contrat. En outre, nous v\u00e9rifions pour vous les conditions g\u00e9n\u00e9rales et r\u00e9digeons des conditions g\u00e9n\u00e9rales adapt\u00e9es \u00e0 votre entreprise. Cela vaut \u00e9galement pour le domaine du commerce en ligne. Nous r\u00e9digeons des contrats types pour des op\u00e9rations standardis\u00e9es.<\/p>\n<p>De m\u00eame, nous pouvons vous accompagner dans la mise en place d&#8217;un syst\u00e8me de gestion des contrats et dans le suivi de vos contrats.[\/vc_column_text][\/vc_tta_section][vc_tta_section title=&#8221;Contrats de distribution (nationaux\/internationaux)&#8221; tab_id=&#8221;vertriebsvertraege&#8221;][vc_column_text]Dans le domaine du droit de la distribution, nous r\u00e9digeons et n\u00e9gocions pour vous vos contrats et vous aidons \u00e0 structurer vos syst\u00e8mes de distribution.<\/p>\n<p>Dans ce domaine, la r\u00e9daction de contrats pour les interm\u00e9diaires de distribution (agents commerciaux\/concessionnaires) ainsi que le domaine du droit des cartels de distribution, du droit du travail et du droit de la concurrence sont pertinents. En outre, nous vous soutenons en cas de litiges judiciaires et vous accompagnons dans une \u00e9ventuelle proc\u00e9dure d&#8217;arbitrage.[\/vc_column_text][\/vc_tta_section][\/vc_tta_accordion][\/vc_column][\/vc_row]<\/p>\n","protected":false},"excerpt":{"rendered":"<p>[vc_row css=&#8221;.vc_custom_1629711310335{padding-top: 10rem !important;padding-bottom: 10rem !important;background-image: url(http:\/\/map-rechtsanwaelte.de\/wp-content\/uploads\/2021\/08\/Fu\u0308r-Schwerpunkte.jpg?id=872) !important;background-position: center !important;background-repeat: no-repeat !important;background-size: cover !important;}&#8221; el_class=&#8221;header-image-holder&#8221;][vc_column css=&#8221;.vc_custom_1616748796905{padding-right: 4.75rem !important;padding-left: 4.75rem !important;}&#8221;][vc_row_inner][vc_column_inner [&hellip;]<\/p>\n","protected":false},"author":6,"featured_media":0,"parent":0,"menu_order":0,"comment_status":"closed","ping_status":"closed","template":"fullwidth-banner.php","meta":{"footnotes":""},"class_list":["post-1111","page","type-page","status-publish","hentry"],"_links":{"self":[{"href":"https:\/\/map-rechtsanwaelte.de\/fr\/wp-json\/wp\/v2\/pages\/1111","targetHints":{"allow":["GET"]}}],"collection":[{"href":"https:\/\/map-rechtsanwaelte.de\/fr\/wp-json\/wp\/v2\/pages"}],"about":[{"href":"https:\/\/map-rechtsanwaelte.de\/fr\/wp-json\/wp\/v2\/types\/page"}],"author":[{"embeddable":true,"href":"https:\/\/map-rechtsanwaelte.de\/fr\/wp-json\/wp\/v2\/users\/6"}],"replies":[{"embeddable":true,"href":"https:\/\/map-rechtsanwaelte.de\/fr\/wp-json\/wp\/v2\/comments?post=1111"}],"version-history":[{"count":20,"href":"https:\/\/map-rechtsanwaelte.de\/fr\/wp-json\/wp\/v2\/pages\/1111\/revisions"}],"predecessor-version":[{"id":1394,"href":"https:\/\/map-rechtsanwaelte.de\/fr\/wp-json\/wp\/v2\/pages\/1111\/revisions\/1394"}],"wp:attachment":[{"href":"https:\/\/map-rechtsanwaelte.de\/fr\/wp-json\/wp\/v2\/media?parent=1111"}],"curies":[{"name":"wp","href":"https:\/\/api.w.org\/{rel}","templated":true}]}}